{"id":277,"date":"2022-05-06T22:43:18","date_gmt":"2022-05-06T20:43:18","guid":{"rendered":"https:\/\/www.bar-robinson.com\/7-2\/"},"modified":"2024-04-01T17:51:26","modified_gmt":"2024-04-01T15:51:26","slug":"7-2","status":"publish","type":"page","link":"https:\/\/www.bar-robinson.com\/fr\/","title":{"rendered":"Home"},"content":{"rendered":"<p>[et_pb_section fb_built=\u00a0\u00bb1&Prime; fullwidth=\u00a0\u00bbon\u00a0\u00bb module_class=\u00a0\u00bbhome-slide\u00a0\u00bb _builder_version=\u00a0\u00bb4.21.0&Prime; _module_preset=\u00a0\u00bbdefault\u00a0\u00bb global_colors_info=\u00a0\u00bb{}\u00a0\u00bb][et_pb_fullwidth_code admin_label=\u00a0\u00bbSlider\u00a0\u00bb _builder_version=\u00a0\u00bb4.21.0&Prime; _module_preset=\u00a0\u00bbdefault\u00a0\u00bb global_colors_info=\u00a0\u00bb{}\u00a0\u00bb]\n\t\t\t<!-- START Home FR REVOLUTION SLIDER 6.7.38 --><p class=\"rs-p-wp-fix\"><\/p>\n\t\t\t<rs-module-wrap id=\"rev_slider_2_1_wrapper\" data-source=\"gallery\" style=\"visibility:hidden;background:transparent;padding:0;margin:0px auto;margin-top:0;margin-bottom:0;\">\n\t\t\t\t<rs-module id=\"rev_slider_2_1\" style=\"\" data-version=\"6.7.38\">\n\t\t\t\t\t<rs-slides style=\"overflow: hidden; position: absolute;\">\n\t\t\t\t\t\t<rs-slide style=\"position: absolute;\" data-key=\"rs-6\" data-title=\"Slide\" data-in=\"o:0;\" data-out=\"a:false;\">\n\t\t\t\t\t\t\t<img decoding=\"async\" src=\"\/\/www.bar-robinson.com\/wp-content\/plugins\/revslider\/sr6\/assets\/assets\/dummy.png\" alt=\"\" title=\"Rectangle 12\" width=\"1440\" height=\"840\" class=\"rev-slidebg tp-rs-img rs-lazyload\" data-lazyload=\"\/\/www.bar-robinson.com\/wp-content\/uploads\/2023\/06\/Rectangle-12.jpg\" data-no-retina>\n\t\t\t\t\t\t\t<rs-bgvideo \n\t\t\t\t\t\t\t\tdata-video=\"w:100%;h:100%;nse:false;l:true;ptimer:false;vfc:true;\"\n\t\t\t\t\t\t\t\tdata-mp4=\"\/\/www.bar-robinson.com\/wp-content\/uploads\/2024\/05\/Bar-Robinson-in-the-summer.mp4\"\n\t\t\t\t\t\t\t><\/rs-bgvideo>\n<!--\n\t\t\t\t\t\t\t--><h1\n\t\t\t\t\t\t\t\tid=\"slider-2-slide-6-layer-0\" \n\t\t\t\t\t\t\t\tclass=\"rs-layer\"\n\t\t\t\t\t\t\t\tdata-type=\"text\"\n\t\t\t\t\t\t\t\tdata-rsp_ch=\"on\"\n\t\t\t\t\t\t\t\tdata-xy=\"x:c;y:m;\"\n\t\t\t\t\t\t\t\tdata-text=\"w:normal;s:64,52,39,24;l:100,82,62,38;a:center;\"\n\t\t\t\t\t\t\t\tdata-frame_999=\"o:0;st:w;\"\n\t\t\t\t\t\t\t\tstyle=\"z-index:5;font-family:'Roboto';\"\n\t\t\t\t\t\t\t>Le c\u00e9l\u00e8bre Bar Robinson,<br \/>\net sa bi\u00e8re <img decoding=\"async\" src=\"\/wp-content\/uploads\/2023\/06\/Group.svg\"> \n\t\t\t\t\t\t\t<\/h1><!--\n-->\t\t\t\t\t<\/rs-slide>\n\t\t\t\t\t<\/rs-slides>\n\t\t\t\t<\/rs-module>\n\t\t\t\t<script>\n\t\t\t\t\tsetREVStartSize({c: 'rev_slider_2_1',rl:[1240,1024,778,480],el:[840,768,960,720],gw:[1240,1024,778,480],gh:[840,768,960,720],type:'standard',justify:'',layout:'fullwidth',mh:\"0\"});if (window.RS_MODULES!==undefined && window.RS_MODULES.modules!==undefined && window.RS_MODULES.modules[\"revslider21\"]!==undefined) {window.RS_MODULES.modules[\"revslider21\"].once = false;window.revapi2 = undefined;if (window.RS_MODULES.checkMinimal!==undefined) window.RS_MODULES.checkMinimal()}\n\t\t\t\t<\/script>\n\t\t\t<\/rs-module-wrap>\n\t\t\t<!-- END REVOLUTION SLIDER -->\n[\/et_pb_fullwidth_code][et_pb_fullwidth_code admin_label=\u00a0\u00bbSocials\u00a0\u00bb module_class=\u00a0\u00bbcl-icons\u00a0\u00bb _builder_version=\u00a0\u00bb4.21.0&Prime; _module_preset=\u00a0\u00bbdefault\u00a0\u00bb global_colors_info=\u00a0\u00bb{}\u00a0\u00bb]<\/p>\n<ul><!-- [et_pb_line_break_holder] -->    <\/p>\n<li><a href=\"#\"><img decoding=\"async\" src=\"\/wp-content\/uploads\/2023\/06\/Facebook.svg\" alt=\"\"><\/a><\/li>\n<p><!-- [et_pb_line_break_holder] -->    <\/p>\n<li><a href=\"#\"><img decoding=\"async\" src=\"\/wp-content\/uploads\/2023\/06\/Instagram.svg\" alt=\"\"><\/a><\/li>\n<p><!-- [et_pb_line_break_holder] --><\/ul>\n<p>[\/et_pb_fullwidth_code][et_pb_fullwidth_image src=\u00a0\u00bbhttps:\/\/www.bar-robinson.com\/wp-content\/uploads\/2023\/06\/line.svg\u00a0\u00bb title_text=\u00a0\u00bbline\u00a0\u00bb url=\u00a0\u00bb#\u00a0\u00bb _builder_version=\u00a0\u00bb4.21.0&Prime; _module_preset=\u00a0\u00bbdefault\u00a0\u00bb global_colors_info=\u00a0\u00bb{}\u00a0\u00bb][\/et_pb_fullwidth_image][\/et_pb_section][et_pb_section fb_built=\u00a0\u00bb1&Prime; module_class=\u00a0\u00bbhome-about\u00a0\u00bb _builder_version=\u00a0\u00bb4.21.0&Prime; _module_preset=\u00a0\u00bbdefault\u00a0\u00bb global_colors_info=\u00a0\u00bb{}\u00a0\u00bb][et_pb_row column_structure=\u00a0\u00bb1_2,1_2&Prime; custom_padding_last_edited=\u00a0\u00bbon|desktop\u00a0\u00bb _builder_version=\u00a0\u00bb4.21.0&Prime; _module_preset=\u00a0\u00bbdefault\u00a0\u00bb custom_padding_tablet=\u00a0\u00bb||0px||false|false\u00a0\u00bb custom_padding_phone=\u00a0\u00bb||0px||false|false\u00a0\u00bb global_colors_info=\u00a0\u00bb{}\u00a0\u00bb][et_pb_column type=\u00a0\u00bb1_2&Prime; _builder_version=\u00a0\u00bb4.21.0&Prime; _module_preset=\u00a0\u00bbdefault\u00a0\u00bb global_colors_info=\u00a0\u00bb{}\u00a0\u00bb][et_pb_text _builder_version=\u00a0\u00bb4.21.0&Prime; _module_preset=\u00a0\u00bbdefault\u00a0\u00bb global_colors_info=\u00a0\u00bb{}\u00a0\u00bb]<\/p>\n<h2>A propos du<\/h2>\n<h2>Bar Robinson<\/h2>\n<p>Fond\u00e9 en 1926, le Bar Robinson est l\u2019un des plus vieux bars \u00e0 Morzine. Il est situ\u00e9 dans le bas de la rue du Bourg, le vieux centre du village. Il est depuis toujours rest\u00e9 dans la m\u00eame famille et cela fait 3 g\u00e9n\u00e9rations.<br \/>\nLe Bar Robinson, commun\u00e9ment apell\u00e9 Robbos par ses clients r\u00e9guliers, est l\u2019un des plus pris\u00e9s de Morzine. Sa sp\u00e9cificit\u00e9 est pourtant de fermer de bonne heure, vers 20h. En hiver, le bar est rempli de skieurs et de snowboarders pour un apr\u00e8s-ski chaleureux, et en \u00e9t\u00e9 les VTTistes bronzent en terrasse une pinte de bi\u00e8re \u00e0 la main. La client\u00e8le est \u00e0 la fois locale et touristique.[\/et_pb_text][et_pb_button button_text=\u00a0\u00bbEn savoir plus sur l&rsquo;histoire du bar\u00a0\u00bb _builder_version=\u00a0\u00bb4.21.0&Prime; _module_preset=\u00a0\u00bbdefault\u00a0\u00bb global_colors_info=\u00a0\u00bb{}\u00a0\u00bb][\/et_pb_button][\/et_pb_column][et_pb_column type=\u00a0\u00bb1_2&Prime; disabled_on=\u00a0\u00bbon|on|off\u00a0\u00bb _builder_version=\u00a0\u00bb4.21.0&Prime; _module_preset=\u00a0\u00bbdefault\u00a0\u00bb global_colors_info=\u00a0\u00bb{}\u00a0\u00bb][et_pb_image src=\u00a0\u00bbhttps:\/\/www.bar-robinson.com\/wp-content\/uploads\/2023\/06\/Union-4-1.png\u00a0\u00bb title_text=\u00a0\u00bbUnion-4&Prime; disabled_on=\u00a0\u00bboff|off|off\u00a0\u00bb _builder_version=\u00a0\u00bb4.21.0&Prime; _module_preset=\u00a0\u00bbdefault\u00a0\u00bb global_colors_info=\u00a0\u00bb{}\u00a0\u00bb][\/et_pb_image][\/et_pb_column][\/et_pb_row][\/et_pb_section][et_pb_section fb_built=\u00a0\u00bb1&Prime; module_class=\u00a0\u00bbhome-view\u00a0\u00bb _builder_version=\u00a0\u00bb4.21.0&Prime; _module_preset=\u00a0\u00bbdefault\u00a0\u00bb global_colors_info=\u00a0\u00bb{}\u00a0\u00bb][et_pb_row column_structure=\u00a0\u00bb1_2,1_2&Prime; custom_padding_last_edited=\u00a0\u00bbon|phone\u00a0\u00bb _builder_version=\u00a0\u00bb4.21.0&Prime; _module_preset=\u00a0\u00bbdefault\u00a0\u00bb custom_padding_tablet=\u00a0\u00bb0px||0px||false|false\u00a0\u00bb custom_padding_phone=\u00a0\u00bb0px||0px||false|false\u00a0\u00bb global_colors_info=\u00a0\u00bb{}\u00a0\u00bb][et_pb_column type=\u00a0\u00bb1_2&Prime; _builder_version=\u00a0\u00bb4.21.0&Prime; _module_preset=\u00a0\u00bbdefault\u00a0\u00bb global_colors_info=\u00a0\u00bb{}\u00a0\u00bb][et_pb_image src=\u00a0\u00bbhttps:\/\/www.bar-robinson.com\/wp-content\/uploads\/2023\/06\/Rectangle-14.jpeg\u00a0\u00bb title_text=\u00a0\u00bbRectangle-14&Prime; _builder_version=\u00a0\u00bb4.24.2&Prime; _module_preset=\u00a0\u00bbdefault\u00a0\u00bb hover_enabled=\u00a0\u00bb0&Prime; global_colors_info=\u00a0\u00bb{}\u00a0\u00bb url=\u00a0\u00bb\/fr\/drink-menu\/\u00a0\u00bb sticky_enabled=\u00a0\u00bb0&Prime;][\/et_pb_image][et_pb_button button_url=\u00a0\u00bb\/fr\/drink-menu\/\u00a0\u00bb button_text=\u00a0\u00bbVOIR NOTRE CARTE DES BOISSONS\u00a0\u00bb _builder_version=\u00a0\u00bb4.21.0&Prime; _module_preset=\u00a0\u00bbdefault\u00a0\u00bb hover_enabled=\u00a0\u00bb0&Prime; global_colors_info=\u00a0\u00bb{}\u00a0\u00bb sticky_enabled=\u00a0\u00bb0&Prime;][\/et_pb_button][\/et_pb_column][et_pb_column type=\u00a0\u00bb1_2&Prime; _builder_version=\u00a0\u00bb4.21.0&Prime; _module_preset=\u00a0\u00bbdefault\u00a0\u00bb global_colors_info=\u00a0\u00bb{}\u00a0\u00bb][et_pb_image src=\u00a0\u00bbhttps:\/\/www.bar-robinson.com\/wp-content\/uploads\/2023\/06\/Rectangle-15.jpeg\u00a0\u00bb title_text=\u00a0\u00bbRectangle-15&Prime; _builder_version=\u00a0\u00bb4.24.2&Prime; _module_preset=\u00a0\u00bbdefault\u00a0\u00bb hover_enabled=\u00a0\u00bb0&Prime; global_colors_info=\u00a0\u00bb{}\u00a0\u00bb url=\u00a0\u00bb\/fr\/menu\/\u00a0\u00bb sticky_enabled=\u00a0\u00bb0&Prime;][\/et_pb_image][et_pb_button button_url=\u00a0\u00bb\/fr\/menu\/\u00a0\u00bb button_text=\u00a0\u00bbVOIR LE MENU\u00a0\u00bb _builder_version=\u00a0\u00bb4.21.0&Prime; _module_preset=\u00a0\u00bbdefault\u00a0\u00bb hover_enabled=\u00a0\u00bb0&Prime; global_colors_info=\u00a0\u00bb{}\u00a0\u00bb sticky_enabled=\u00a0\u00bb0&Prime;][\/et_pb_button][\/et_pb_column][\/et_pb_row][\/et_pb_section][et_pb_section fb_built=\u00a0\u00bb1&Prime; module_class=\u00a0\u00bbhome-testimonials\u00a0\u00bb _builder_version=\u00a0\u00bb4.21.0&Prime; _module_preset=\u00a0\u00bbdefault\u00a0\u00bb global_colors_info=\u00a0\u00bb{}\u00a0\u00bb][et_pb_row _builder_version=\u00a0\u00bb4.21.0&Prime; _module_preset=\u00a0\u00bbdefault\u00a0\u00bb global_colors_info=\u00a0\u00bb{}\u00a0\u00bb][et_pb_column type=\u00a0\u00bb4_4&Prime; _builder_version=\u00a0\u00bb4.21.0&Prime; _module_preset=\u00a0\u00bbdefault\u00a0\u00bb global_colors_info=\u00a0\u00bb{}\u00a0\u00bb][et_pb_text module_class=\u00a0\u00bbheading-line\u00a0\u00bb _builder_version=\u00a0\u00bb4.21.0&Prime; _module_preset=\u00a0\u00bbdefault\u00a0\u00bb global_colors_info=\u00a0\u00bb{}\u00a0\u00bb]<\/p>\n<h4 style=\"text-align: center;\">PEOPLE HAVE BEEN COMING TO BAR ROBINSON FOR MANY YEARS NOW. IT HAS BECOME A FIRM FAVOURITE FOR TOURISTS AND LOCALS ALIKE FOR APRES SKI AND IS THE MOST ICONIC OF ALL MORZINE BARS.<\/h4>\n<h4 style=\"text-align: center;\">BUT NOT MANY PEOPLE KNOW ITS HISTORY, AND MANY LEGENDS HAVE SPRUNG UP OVER THE YEARS ABOUT IT.<\/h4>\n<p>[\/et_pb_text][et_pb_button button_text=\u00a0\u00bbREAD MORE\u00a0\u00bb _builder_version=\u00a0\u00bb4.21.0&Prime; _module_preset=\u00a0\u00bbdefault\u00a0\u00bb global_colors_info=\u00a0\u00bb{}\u00a0\u00bb][\/et_pb_button][\/et_pb_column][\/et_pb_row][\/et_pb_section]<\/p>\n","protected":false},"excerpt":{"rendered":"<p>\n\t\t\t<!-- START Home FR REVOLUTION SLIDER 6.7.38 --><p class=\"rs-p-wp-fix\"><\/p>\n\t\t\t<rs-module-wrap id=\"rev_slider_2_2_wrapper\" data-source=\"gallery\" style=\"visibility:hidden;background:transparent;padding:0;margin:0px auto;margin-top:0;margin-bottom:0;\">\n\t\t\t\t<rs-module id=\"rev_slider_2_2\" style=\"\" data-version=\"6.7.38\">\n\t\t\t\t\t<rs-slides style=\"overflow: hidden; position: absolute;\">\n\t\t\t\t\t\t<rs-slide style=\"position: absolute;\" data-key=\"rs-6\" data-title=\"Slide\" data-in=\"o:0;\" data-out=\"a:false;\">\n\t\t\t\t\t\t\t<img decoding=\"async\" src=\"\/\/www.bar-robinson.com\/wp-content\/plugins\/revslider\/sr6\/assets\/assets\/dummy.png\" alt=\"\" title=\"Rectangle 12\" width=\"1440\" height=\"840\" class=\"rev-slidebg tp-rs-img rs-lazyload\" data-lazyload=\"\/\/www.bar-robinson.com\/wp-content\/uploads\/2023\/06\/Rectangle-12.jpg\" data-no-retina>\n\t\t\t\t\t\t\t<rs-bgvideo \n\t\t\t\t\t\t\t\tdata-video=\"w:100%;h:100%;nse:false;l:true;ptimer:false;vfc:true;\"\n\t\t\t\t\t\t\t\tdata-mp4=\"\/\/www.bar-robinson.com\/wp-content\/uploads\/2024\/05\/Bar-Robinson-in-the-summer.mp4\"\n\t\t\t\t\t\t\t><\/rs-bgvideo>\n<!--\n\t\t\t\t\t\t\t--><h1\n\t\t\t\t\t\t\t\tid=\"slider-2-slide-6-layer-0\" \n\t\t\t\t\t\t\t\tclass=\"rs-layer\"\n\t\t\t\t\t\t\t\tdata-type=\"text\"\n\t\t\t\t\t\t\t\tdata-rsp_ch=\"on\"\n\t\t\t\t\t\t\t\tdata-xy=\"x:c;y:m;\"\n\t\t\t\t\t\t\t\tdata-text=\"w:normal;s:64,52,39,24;l:100,82,62,38;a:center;\"\n\t\t\t\t\t\t\t\tdata-frame_999=\"o:0;st:w;\"\n\t\t\t\t\t\t\t\tstyle=\"z-index:5;font-family:'Roboto';\"\n\t\t\t\t\t\t\t>Le c\u00e9l\u00e8bre Bar Robinson,<br \/>\net sa bi\u00e8re <img decoding=\"async\" src=\"\/wp-content\/uploads\/2023\/06\/Group.svg\"> \n\t\t\t\t\t\t\t<\/h1><!--\n-->\t\t\t\t\t<\/rs-slide>\n\t\t\t\t\t<\/rs-slides>\n\t\t\t\t<\/rs-module>\n\t\t\t\t<script>\n\t\t\t\t\tsetREVStartSize({c: 'rev_slider_2_2',rl:[1240,1024,778,480],el:[840,768,960,720],gw:[1240,1024,778,480],gh:[840,768,960,720],type:'standard',justify:'',layout:'fullwidth',mh:\"0\"});if (window.RS_MODULES!==undefined && window.RS_MODULES.modules!==undefined && window.RS_MODULES.modules[\"revslider22\"]!==undefined) {window.RS_MODULES.modules[\"revslider22\"].once = false;window.revapi2_2 = undefined;if (window.RS_MODULES.checkMinimal!==undefined) window.RS_MODULES.checkMinimal()}\n\t\t\t\t<\/script>\n\t\t\t<\/rs-module-wrap>\n\t\t\t<!-- END REVOLUTION SLIDER -->\nA propos du Bar Robinson Fond\u00e9 en 1926, le Bar Robinson est l\u2019un des plus vieux bars \u00e0 Morzine. Il est situ\u00e9 dans le bas de la rue du Bourg, le vieux centre du village. Il est depuis toujours rest\u00e9 dans la m\u00eame famille et cela fait 3 g\u00e9n\u00e9rations. Le Bar Robinson, commun\u00e9ment apell\u00e9 [&hellip;]<\/p>\n","protected":false},"author":1,"featured_media":0,"parent":0,"menu_order":0,"comment_status":"closed","ping_status":"closed","template":"tpl-full-width.php","meta":{"_acf_changed":false,"_et_pb_use_builder":"on","_et_pb_old_content":"","_et_gb_content_width":"","inline_featured_image":false,"footnotes":""},"class_list":["post-277","page","type-page","status-publish","hentry"],"acf":[],"yoast_head":"<!-- This site is optimized with the Yoast SEO plugin v27.5 - https:\/\/yoast.com\/product\/yoast-seo-wordpress\/ -->\n<title>Home - Bar Robinson<\/title>\n<meta name=\"robots\" content=\"index, follow, max-snippet:-1, max-image-preview:large, max-video-preview:-1\" \/>\n<link rel=\"canonical\" href=\"https:\/\/www.bar-robinson.com\/fr\/\" \/>\n<meta property=\"og:locale\" content=\"fr_FR\" \/>\n<meta property=\"og:type\" content=\"article\" \/>\n<meta property=\"og:title\" content=\"Home - Bar Robinson\" \/>\n<meta property=\"og:description\" content=\"A propos du Bar Robinson Fond\u00e9 en 1926, le Bar Robinson est l\u2019un des plus vieux bars \u00e0 Morzine. Il est situ\u00e9 dans le bas de la rue du Bourg, le vieux centre du village. Il est depuis toujours rest\u00e9 dans la m\u00eame famille et cela fait 3 g\u00e9n\u00e9rations. Le Bar Robinson, commun\u00e9ment apell\u00e9 [&hellip;]\" \/>\n<meta property=\"og:url\" content=\"https:\/\/www.bar-robinson.com\/fr\/\" \/>\n<meta property=\"og:site_name\" content=\"Bar Robinson\" \/>\n<meta property=\"article:publisher\" content=\"https:\/\/www.facebook.com\/BarRobinson\/\" \/>\n<meta property=\"article:modified_time\" content=\"2024-04-01T15:51:26+00:00\" \/>\n<meta name=\"twitter:card\" content=\"summary_large_image\" \/>\n<meta name=\"twitter:label1\" content=\"Dur\u00e9e de lecture estim\u00e9e\" \/>\n\t<meta name=\"twitter:data1\" content=\"3 minutes\" \/>\n<script type=\"application\/ld+json\" class=\"yoast-schema-graph\">{\"@context\":\"https:\\\/\\\/schema.org\",\"@graph\":[{\"@type\":\"WebPage\",\"@id\":\"https:\\\/\\\/www.bar-robinson.com\\\/fr\\\/\",\"url\":\"https:\\\/\\\/www.bar-robinson.com\\\/fr\\\/\",\"name\":\"Home - Bar Robinson\",\"isPartOf\":{\"@id\":\"https:\\\/\\\/www.bar-robinson.com\\\/#website\"},\"datePublished\":\"2022-05-06T20:43:18+00:00\",\"dateModified\":\"2024-04-01T15:51:26+00:00\",\"breadcrumb\":{\"@id\":\"https:\\\/\\\/www.bar-robinson.com\\\/fr\\\/#breadcrumb\"},\"inLanguage\":\"fr-FR\",\"potentialAction\":[{\"@type\":\"ReadAction\",\"target\":[\"https:\\\/\\\/www.bar-robinson.com\\\/fr\\\/\"]}]},{\"@type\":\"BreadcrumbList\",\"@id\":\"https:\\\/\\\/www.bar-robinson.com\\\/fr\\\/#breadcrumb\",\"itemListElement\":[{\"@type\":\"ListItem\",\"position\":1,\"name\":\"Home\",\"item\":\"https:\\\/\\\/www.bar-robinson.com\\\/fr\\\/\"},{\"@type\":\"ListItem\",\"position\":2,\"name\":\"Home\"}]},{\"@type\":\"WebSite\",\"@id\":\"https:\\\/\\\/www.bar-robinson.com\\\/#website\",\"url\":\"https:\\\/\\\/www.bar-robinson.com\\\/\",\"name\":\"Bar Robinson\",\"description\":\"\",\"publisher\":{\"@id\":\"https:\\\/\\\/www.bar-robinson.com\\\/#organization\"},\"potentialAction\":[{\"@type\":\"SearchAction\",\"target\":{\"@type\":\"EntryPoint\",\"urlTemplate\":\"https:\\\/\\\/www.bar-robinson.com\\\/?s={search_term_string}\"},\"query-input\":{\"@type\":\"PropertyValueSpecification\",\"valueRequired\":true,\"valueName\":\"search_term_string\"}}],\"inLanguage\":\"fr-FR\"},{\"@type\":\"Organization\",\"@id\":\"https:\\\/\\\/www.bar-robinson.com\\\/#organization\",\"name\":\"Bar Robinson\",\"url\":\"https:\\\/\\\/www.bar-robinson.com\\\/\",\"logo\":{\"@type\":\"ImageObject\",\"inLanguage\":\"fr-FR\",\"@id\":\"https:\\\/\\\/www.bar-robinson.com\\\/#\\\/schema\\\/logo\\\/image\\\/\",\"url\":\"https:\\\/\\\/www.bar-robinson.com\\\/wp-content\\\/uploads\\\/2023\\\/06\\\/Logo.svg\",\"contentUrl\":\"https:\\\/\\\/www.bar-robinson.com\\\/wp-content\\\/uploads\\\/2023\\\/06\\\/Logo.svg\",\"width\":315,\"height\":46,\"caption\":\"Bar Robinson\"},\"image\":{\"@id\":\"https:\\\/\\\/www.bar-robinson.com\\\/#\\\/schema\\\/logo\\\/image\\\/\"},\"sameAs\":[\"https:\\\/\\\/www.facebook.com\\\/BarRobinson\\\/\",\"https:\\\/\\\/www.instagram.com\\\/barrobinsonmorzine\\\/\"]}]}<\/script>\n<!-- \/ Yoast SEO plugin. -->","yoast_head_json":{"title":"Home - Bar Robinson","robots":{"index":"index","follow":"follow","max-snippet":"max-snippet:-1","max-image-preview":"max-image-preview:large","max-video-preview":"max-video-preview:-1"},"canonical":"https:\/\/www.bar-robinson.com\/fr\/","og_locale":"fr_FR","og_type":"article","og_title":"Home - Bar Robinson","og_description":"A propos du Bar Robinson Fond\u00e9 en 1926, le Bar Robinson est l\u2019un des plus vieux bars \u00e0 Morzine. Il est situ\u00e9 dans le bas de la rue du Bourg, le vieux centre du village. Il est depuis toujours rest\u00e9 dans la m\u00eame famille et cela fait 3 g\u00e9n\u00e9rations. Le Bar Robinson, commun\u00e9ment apell\u00e9 [&hellip;]","og_url":"https:\/\/www.bar-robinson.com\/fr\/","og_site_name":"Bar Robinson","article_publisher":"https:\/\/www.facebook.com\/BarRobinson\/","article_modified_time":"2024-04-01T15:51:26+00:00","twitter_card":"summary_large_image","twitter_misc":{"Dur\u00e9e de lecture estim\u00e9e":"3 minutes"},"schema":{"@context":"https:\/\/schema.org","@graph":[{"@type":"WebPage","@id":"https:\/\/www.bar-robinson.com\/fr\/","url":"https:\/\/www.bar-robinson.com\/fr\/","name":"Home - Bar Robinson","isPartOf":{"@id":"https:\/\/www.bar-robinson.com\/#website"},"datePublished":"2022-05-06T20:43:18+00:00","dateModified":"2024-04-01T15:51:26+00:00","breadcrumb":{"@id":"https:\/\/www.bar-robinson.com\/fr\/#breadcrumb"},"inLanguage":"fr-FR","potentialAction":[{"@type":"ReadAction","target":["https:\/\/www.bar-robinson.com\/fr\/"]}]},{"@type":"BreadcrumbList","@id":"https:\/\/www.bar-robinson.com\/fr\/#breadcrumb","itemListElement":[{"@type":"ListItem","position":1,"name":"Home","item":"https:\/\/www.bar-robinson.com\/fr\/"},{"@type":"ListItem","position":2,"name":"Home"}]},{"@type":"WebSite","@id":"https:\/\/www.bar-robinson.com\/#website","url":"https:\/\/www.bar-robinson.com\/","name":"Bar Robinson","description":"","publisher":{"@id":"https:\/\/www.bar-robinson.com\/#organization"},"potentialAction":[{"@type":"SearchAction","target":{"@type":"EntryPoint","urlTemplate":"https:\/\/www.bar-robinson.com\/?s={search_term_string}"},"query-input":{"@type":"PropertyValueSpecification","valueRequired":true,"valueName":"search_term_string"}}],"inLanguage":"fr-FR"},{"@type":"Organization","@id":"https:\/\/www.bar-robinson.com\/#organization","name":"Bar Robinson","url":"https:\/\/www.bar-robinson.com\/","logo":{"@type":"ImageObject","inLanguage":"fr-FR","@id":"https:\/\/www.bar-robinson.com\/#\/schema\/logo\/image\/","url":"https:\/\/www.bar-robinson.com\/wp-content\/uploads\/2023\/06\/Logo.svg","contentUrl":"https:\/\/www.bar-robinson.com\/wp-content\/uploads\/2023\/06\/Logo.svg","width":315,"height":46,"caption":"Bar Robinson"},"image":{"@id":"https:\/\/www.bar-robinson.com\/#\/schema\/logo\/image\/"},"sameAs":["https:\/\/www.facebook.com\/BarRobinson\/","https:\/\/www.instagram.com\/barrobinsonmorzine\/"]}]}},"_links":{"self":[{"href":"https:\/\/www.bar-robinson.com\/fr\/wp-json\/wp\/v2\/pages\/277","targetHints":{"allow":["GET"]}}],"collection":[{"href":"https:\/\/www.bar-robinson.com\/fr\/wp-json\/wp\/v2\/pages"}],"about":[{"href":"https:\/\/www.bar-robinson.com\/fr\/wp-json\/wp\/v2\/types\/page"}],"author":[{"embeddable":true,"href":"https:\/\/www.bar-robinson.com\/fr\/wp-json\/wp\/v2\/users\/1"}],"replies":[{"embeddable":true,"href":"https:\/\/www.bar-robinson.com\/fr\/wp-json\/wp\/v2\/comments?post=277"}],"version-history":[{"count":39,"href":"https:\/\/www.bar-robinson.com\/fr\/wp-json\/wp\/v2\/pages\/277\/revisions"}],"predecessor-version":[{"id":1874,"href":"https:\/\/www.bar-robinson.com\/fr\/wp-json\/wp\/v2\/pages\/277\/revisions\/1874"}],"wp:attachment":[{"href":"https:\/\/www.bar-robinson.com\/fr\/wp-json\/wp\/v2\/media?parent=277"}],"curies":[{"name":"wp","href":"https:\/\/api.w.org\/{rel}","templated":true}]}}