{"id":973,"date":"2023-06-22T08:51:03","date_gmt":"2023-06-22T06:51:03","guid":{"rendered":"https:\/\/www.bar-robinson.com\/?page_id=973"},"modified":"2024-04-02T11:40:04","modified_gmt":"2024-04-02T09:40:04","slug":"qr","status":"publish","type":"page","link":"https:\/\/www.bar-robinson.com\/fr\/qr\/","title":{"rendered":"QR"},"content":{"rendered":"<p>[et_pb_section fb_built=\u00a0\u00bb1&Prime; module_class=\u00a0\u00bbhome-view\u00a0\u00bb _builder_version=\u00a0\u00bb4.21.0&Prime; _module_preset=\u00a0\u00bbdefault\u00a0\u00bb custom_margin=\u00a0\u00bb||||false|false\u00a0\u00bb custom_padding=\u00a0\u00bb8rem||||false|false\u00a0\u00bb global_colors_info=\u00a0\u00bb{}\u00a0\u00bb][et_pb_row _builder_version=\u00a0\u00bb4.21.0&Prime; _module_preset=\u00a0\u00bbdefault\u00a0\u00bb global_colors_info=\u00a0\u00bb{}\u00a0\u00bb][et_pb_column type=\u00a0\u00bb4_4&Prime; _builder_version=\u00a0\u00bb4.21.0&Prime; _module_preset=\u00a0\u00bbdefault\u00a0\u00bb global_colors_info=\u00a0\u00bb{}\u00a0\u00bb][et_pb_text _builder_version=\u00a0\u00bb4.21.0&Prime; _module_preset=\u00a0\u00bbdefault\u00a0\u00bb global_colors_info=\u00a0\u00bb{}\u00a0\u00bb]<\/p>\n<h1 style=\"text-align: center;\">Menu<\/h1>\n<p>[\/et_pb_text][\/et_pb_column][\/et_pb_row][et_pb_row column_structure=\u00a0\u00bb1_2,1_2&Prime; _builder_version=\u00a0\u00bb4.21.0&Prime; _module_preset=\u00a0\u00bbdefault\u00a0\u00bb global_colors_info=\u00a0\u00bb{}\u00a0\u00bb][et_pb_column type=\u00a0\u00bb1_2&Prime; _builder_version=\u00a0\u00bb4.21.0&Prime; _module_preset=\u00a0\u00bbdefault\u00a0\u00bb global_colors_info=\u00a0\u00bb{}\u00a0\u00bb][et_pb_image src=\u00a0\u00bbhttps:\/\/www.bar-robinson.com\/wp-content\/uploads\/2023\/06\/Rectangle-14.jpg\u00a0\u00bb title_text=\u00a0\u00bbBoissons\u00a0\u00bb url=\u00a0\u00bb\/fr\/drink-menu\/\u00a0\u00bb _builder_version=\u00a0\u00bb4.24.2&Prime; _module_preset=\u00a0\u00bbdefault\u00a0\u00bb global_colors_info=\u00a0\u00bb{}\u00a0\u00bb][\/et_pb_image][et_pb_button button_url=\u00a0\u00bb\/fr\/drink-menu\/\u00a0\u00bb button_text=\u00a0\u00bbNOTRE CARTE DES BOISSONS\u00a0\u00bb _builder_version=\u00a0\u00bb4.21.0&Prime; _module_preset=\u00a0\u00bbdefault\u00a0\u00bb global_colors_info=\u00a0\u00bb{}\u00a0\u00bb][\/et_pb_button][\/et_pb_column][et_pb_column type=\u00a0\u00bb1_2&Prime; _builder_version=\u00a0\u00bb4.21.0&Prime; _module_preset=\u00a0\u00bbdefault\u00a0\u00bb global_colors_info=\u00a0\u00bb{}\u00a0\u00bb][et_pb_image src=\u00a0\u00bbhttps:\/\/www.bar-robinson.com\/wp-content\/uploads\/2023\/06\/Rectangle-15.jpeg\u00a0\u00bb title_text=\u00a0\u00bbMenu\u00a0\u00bb url=\u00a0\u00bb\/fr\/menu\/\u00a0\u00bb _builder_version=\u00a0\u00bb4.24.2&Prime; _module_preset=\u00a0\u00bbdefault\u00a0\u00bb hover_enabled=\u00a0\u00bb0&Prime; global_colors_info=\u00a0\u00bb{}\u00a0\u00bb sticky_enabled=\u00a0\u00bb0&Prime;][\/et_pb_image][et_pb_button button_url=\u00a0\u00bb\/fr\/menu\/\u00a0\u00bb button_text=\u00a0\u00bbPOUR MANGER OU POUR L&rsquo;APERO\u00a0\u00bb _builder_version=\u00a0\u00bb4.21.0&Prime; _module_preset=\u00a0\u00bbdefault\u00a0\u00bb global_colors_info=\u00a0\u00bb{}\u00a0\u00bb][\/et_pb_button][\/et_pb_column][\/et_pb_row][et_pb_row _builder_version=\u00a0\u00bb4.24.2&Prime; _module_preset=\u00a0\u00bbdefault\u00a0\u00bb global_colors_info=\u00a0\u00bb{}\u00a0\u00bb][et_pb_column type=\u00a0\u00bb4_4&Prime; _builder_version=\u00a0\u00bb4.24.2&Prime; _module_preset=\u00a0\u00bbdefault\u00a0\u00bb global_colors_info=\u00a0\u00bb{}\u00a0\u00bb][et_pb_image src=\u00a0\u00bbhttps:\/\/www.bar-robinson.com\/wp-content\/uploads\/2024\/04\/merchandising.jpg\u00a0\u00bb title_text=\u00a0\u00bbmerchandising\u00a0\u00bb url=\u00a0\u00bb\/fr\/merchandising\/\u00a0\u00bb _builder_version=\u00a0\u00bb4.24.2&Prime; _module_preset=\u00a0\u00bbdefault\u00a0\u00bb hover_enabled=\u00a0\u00bb0&Prime; global_colors_info=\u00a0\u00bb{}\u00a0\u00bb sticky_enabled=\u00a0\u00bb0&Prime;][\/et_pb_image][et_pb_button button_url=\u00a0\u00bb\/fr\/merchandising\/\u00a0\u00bb button_text=\u00a0\u00bbARTICLES PROMOTIONNELS\u00a0\u00bb _builder_version=\u00a0\u00bb4.24.2&Prime; _module_preset=\u00a0\u00bbdefault\u00a0\u00bb global_colors_info=\u00a0\u00bb{}\u00a0\u00bb][\/et_pb_button][\/et_pb_column][\/et_pb_row][\/et_pb_section][et_pb_section fb_built=\u00a0\u00bb1&Prime; module_class=\u00a0\u00bbrv-st\u00a0\u00bb _builder_version=\u00a0\u00bb4.21.0&Prime; _module_preset=\u00a0\u00bbdefault\u00a0\u00bb custom_padding=\u00a0\u00bb0px||5rem||false|false\u00a0\u00bb global_colors_info=\u00a0\u00bb{}\u00a0\u00bb][et_pb_row _builder_version=\u00a0\u00bb4.21.0&Prime; _module_preset=\u00a0\u00bbdefault\u00a0\u00bb custom_padding=\u00a0\u00bb||0px||false|false\u00a0\u00bb global_colors_info=\u00a0\u00bb{}\u00a0\u00bb][et_pb_column type=\u00a0\u00bb4_4&Prime; _builder_version=\u00a0\u00bb4.21.0&Prime; _module_preset=\u00a0\u00bbdefault\u00a0\u00bb global_colors_info=\u00a0\u00bb{}\u00a0\u00bb][et_pb_image src=\u00a0\u00bbhttps:\/\/www.bar-robinson.com\/wp-content\/uploads\/2023\/06\/star.svg\u00a0\u00bb title_text=\u00a0\u00bbLine 10&Prime; module_class=\u00a0\u00bbimg-rv\u00a0\u00bb _builder_version=\u00a0\u00bb4.21.0&Prime; _module_preset=\u00a0\u00bbdefault\u00a0\u00bb background_enable_image=\u00a0\u00bboff\u00a0\u00bb background_size=\u00a0\u00bbcustom\u00a0\u00bb background_image_width=\u00a0\u00bb100%\u00a0\u00bb background_image_height=\u00a0\u00bb1px\u00a0\u00bb global_colors_info=\u00a0\u00bb{}\u00a0\u00bb][\/et_pb_image][et_pb_text _builder_version=\u00a0\u00bb4.24.2&Prime; _module_preset=\u00a0\u00bbdefault\u00a0\u00bb header_2_font_size=\u00a0\u00bb2rem\u00a0\u00bb global_colors_info=\u00a0\u00bb{}\u00a0\u00bb]<\/p>\n<h3>Nous avons pass\u00e9 une formidable soir\u00e9e<\/h3>\n<p>[\/et_pb_text][\/et_pb_column][\/et_pb_row][et_pb_row column_structure=\u00a0\u00bb3_4,1_4&Prime; module_class=\u00a0\u00bbrow-rv\u00a0\u00bb _builder_version=\u00a0\u00bb4.21.0&Prime; _module_preset=\u00a0\u00bbdefault\u00a0\u00bb custom_padding=\u00a0\u00bb0px||0px||false|false\u00a0\u00bb global_colors_info=\u00a0\u00bb{}\u00a0\u00bb][et_pb_column type=\u00a0\u00bb3_4&Prime; _builder_version=\u00a0\u00bb4.21.0&Prime; _module_preset=\u00a0\u00bbdefault\u00a0\u00bb global_colors_info=\u00a0\u00bb{}\u00a0\u00bb][et_pb_text _builder_version=\u00a0\u00bb4.24.2&Prime; _module_preset=\u00a0\u00bbdefault\u00a0\u00bb header_2_font_size=\u00a0\u00bb2rem\u00a0\u00bb custom_css_main_element=\u00a0\u00bbmax-width: 500px;\u00a0\u00bb global_colors_info=\u00a0\u00bb{}\u00a0\u00bb]Des serveuses souriantes et agr\u00e9ables, un service rapide et efficace. Tout \u00e9tait r\u00e9uni pour passer une agr\u00e9able soir\u00e9e! \u00c0 ne pas louper si vous passez dans le coin.[\/et_pb_text][et_pb_button button_url=\u00a0\u00bbhttps:\/\/g.page\/r\/CaHV6cEo6HP1EBM\/review\u00a0\u00bb url_new_window=\u00a0\u00bbon\u00a0\u00bb button_text=\u00a0\u00bbLaissez-nous votre avis sur Google\u00a0\u00bb _builder_version=\u00a0\u00bb4.21.0&Prime; _module_preset=\u00a0\u00bbdefault\u00a0\u00bb global_colors_info=\u00a0\u00bb{}\u00a0\u00bb][\/et_pb_button][\/et_pb_column][et_pb_column type=\u00a0\u00bb1_4&Prime; _builder_version=\u00a0\u00bb4.21.0&Prime; _module_preset=\u00a0\u00bbdefault\u00a0\u00bb global_colors_info=\u00a0\u00bb{}\u00a0\u00bb][et_pb_text module_class=\u00a0\u00bbbox-rv\u00a0\u00bb _builder_version=\u00a0\u00bb4.21.0&Prime; _module_preset=\u00a0\u00bbdefault\u00a0\u00bb global_colors_info=\u00a0\u00bb{}\u00a0\u00bb]<img decoding=\"async\" class=\"wp-image-829 alignnone size-full\" src=\"https:\/\/www.bar-robinson.com\/wp-content\/uploads\/2023\/06\/google-icone-svg-150px.svg\" alt=\"\" width=\"undefined\" height=\"undefined\" \/><\/p>\n<p><strong>4.6<\/strong>\/5.0<br \/>\n[\/et_pb_text][\/et_pb_column][\/et_pb_row][\/et_pb_section]<\/p>\n","protected":false},"excerpt":{"rendered":"<p>Menu Nous avons pass\u00e9 une formidable soir\u00e9eDes serveuses souriantes et agr\u00e9ables, un service rapide et efficace. Tout \u00e9tait r\u00e9uni pour passer une agr\u00e9able soir\u00e9e! \u00c0 ne pas louper si vous passez dans le coin. 4.6\/5.0<\/p>\n","protected":false},"author":1,"featured_media":0,"parent":0,"menu_order":0,"comment_status":"closed","ping_status":"closed","template":"","meta":{"_acf_changed":false,"_et_pb_use_builder":"on","_et_pb_old_content":"","_et_gb_content_width":"","inline_featured_image":false,"footnotes":""},"class_list":["post-973","page","type-page","status-publish","hentry"],"acf":[],"yoast_head":"<!-- This site is optimized with the Yoast SEO plugin v27.5 - https:\/\/yoast.com\/product\/yoast-seo-wordpress\/ -->\n<title>QR - Bar Robinson<\/title>\n<meta name=\"robots\" content=\"index, follow, max-snippet:-1, max-image-preview:large, max-video-preview:-1\" \/>\n<link rel=\"canonical\" href=\"https:\/\/www.bar-robinson.com\/fr\/qr\/\" \/>\n<meta property=\"og:locale\" content=\"fr_FR\" \/>\n<meta property=\"og:type\" content=\"article\" \/>\n<meta property=\"og:title\" content=\"QR - Bar Robinson\" \/>\n<meta property=\"og:description\" content=\"Menu Nous avons pass\u00e9 une formidable soir\u00e9eDes serveuses souriantes et agr\u00e9ables, un service rapide et efficace. Tout \u00e9tait r\u00e9uni pour passer une agr\u00e9able soir\u00e9e! \u00c0 ne pas louper si vous passez dans le coin. 4.6\/5.0\" \/>\n<meta property=\"og:url\" content=\"https:\/\/www.bar-robinson.com\/fr\/qr\/\" \/>\n<meta property=\"og:site_name\" content=\"Bar Robinson\" \/>\n<meta property=\"article:publisher\" content=\"https:\/\/www.facebook.com\/BarRobinson\/\" \/>\n<meta property=\"article:modified_time\" content=\"2024-04-02T09:40:04+00:00\" \/>\n<meta property=\"og:image\" content=\"https:\/\/www.bar-robinson.com\/wp-content\/uploads\/2023\/06\/google-icone-svg-150px.svg\" \/>\n<meta name=\"twitter:card\" content=\"summary_large_image\" \/>\n<meta name=\"twitter:label1\" content=\"Dur\u00e9e de lecture estim\u00e9e\" \/>\n\t<meta name=\"twitter:data1\" content=\"2 minutes\" \/>\n<script type=\"application\/ld+json\" class=\"yoast-schema-graph\">{\"@context\":\"https:\\\/\\\/schema.org\",\"@graph\":[{\"@type\":\"WebPage\",\"@id\":\"https:\\\/\\\/www.bar-robinson.com\\\/fr\\\/qr\\\/\",\"url\":\"https:\\\/\\\/www.bar-robinson.com\\\/fr\\\/qr\\\/\",\"name\":\"QR - Bar Robinson\",\"isPartOf\":{\"@id\":\"https:\\\/\\\/www.bar-robinson.com\\\/#website\"},\"primaryImageOfPage\":{\"@id\":\"https:\\\/\\\/www.bar-robinson.com\\\/fr\\\/qr\\\/#primaryimage\"},\"image\":{\"@id\":\"https:\\\/\\\/www.bar-robinson.com\\\/fr\\\/qr\\\/#primaryimage\"},\"thumbnailUrl\":\"https:\\\/\\\/www.bar-robinson.com\\\/wp-content\\\/uploads\\\/2023\\\/06\\\/google-icone-svg-150px.svg\",\"datePublished\":\"2023-06-22T06:51:03+00:00\",\"dateModified\":\"2024-04-02T09:40:04+00:00\",\"breadcrumb\":{\"@id\":\"https:\\\/\\\/www.bar-robinson.com\\\/fr\\\/qr\\\/#breadcrumb\"},\"inLanguage\":\"fr-FR\",\"potentialAction\":[{\"@type\":\"ReadAction\",\"target\":[\"https:\\\/\\\/www.bar-robinson.com\\\/fr\\\/qr\\\/\"]}]},{\"@type\":\"ImageObject\",\"inLanguage\":\"fr-FR\",\"@id\":\"https:\\\/\\\/www.bar-robinson.com\\\/fr\\\/qr\\\/#primaryimage\",\"url\":\"https:\\\/\\\/www.bar-robinson.com\\\/wp-content\\\/uploads\\\/2023\\\/06\\\/google-icone-svg-150px.svg\",\"contentUrl\":\"https:\\\/\\\/www.bar-robinson.com\\\/wp-content\\\/uploads\\\/2023\\\/06\\\/google-icone-svg-150px.svg\"},{\"@type\":\"BreadcrumbList\",\"@id\":\"https:\\\/\\\/www.bar-robinson.com\\\/fr\\\/qr\\\/#breadcrumb\",\"itemListElement\":[{\"@type\":\"ListItem\",\"position\":1,\"name\":\"Home\",\"item\":\"https:\\\/\\\/www.bar-robinson.com\\\/fr\\\/\"},{\"@type\":\"ListItem\",\"position\":2,\"name\":\"QR\"}]},{\"@type\":\"WebSite\",\"@id\":\"https:\\\/\\\/www.bar-robinson.com\\\/#website\",\"url\":\"https:\\\/\\\/www.bar-robinson.com\\\/\",\"name\":\"Bar Robinson\",\"description\":\"\",\"publisher\":{\"@id\":\"https:\\\/\\\/www.bar-robinson.com\\\/#organization\"},\"potentialAction\":[{\"@type\":\"SearchAction\",\"target\":{\"@type\":\"EntryPoint\",\"urlTemplate\":\"https:\\\/\\\/www.bar-robinson.com\\\/?s={search_term_string}\"},\"query-input\":{\"@type\":\"PropertyValueSpecification\",\"valueRequired\":true,\"valueName\":\"search_term_string\"}}],\"inLanguage\":\"fr-FR\"},{\"@type\":\"Organization\",\"@id\":\"https:\\\/\\\/www.bar-robinson.com\\\/#organization\",\"name\":\"Bar Robinson\",\"url\":\"https:\\\/\\\/www.bar-robinson.com\\\/\",\"logo\":{\"@type\":\"ImageObject\",\"inLanguage\":\"fr-FR\",\"@id\":\"https:\\\/\\\/www.bar-robinson.com\\\/#\\\/schema\\\/logo\\\/image\\\/\",\"url\":\"https:\\\/\\\/www.bar-robinson.com\\\/wp-content\\\/uploads\\\/2023\\\/06\\\/Logo.svg\",\"contentUrl\":\"https:\\\/\\\/www.bar-robinson.com\\\/wp-content\\\/uploads\\\/2023\\\/06\\\/Logo.svg\",\"width\":315,\"height\":46,\"caption\":\"Bar Robinson\"},\"image\":{\"@id\":\"https:\\\/\\\/www.bar-robinson.com\\\/#\\\/schema\\\/logo\\\/image\\\/\"},\"sameAs\":[\"https:\\\/\\\/www.facebook.com\\\/BarRobinson\\\/\",\"https:\\\/\\\/www.instagram.com\\\/barrobinsonmorzine\\\/\"]}]}<\/script>\n<!-- \/ Yoast SEO plugin. -->","yoast_head_json":{"title":"QR - Bar Robinson","robots":{"index":"index","follow":"follow","max-snippet":"max-snippet:-1","max-image-preview":"max-image-preview:large","max-video-preview":"max-video-preview:-1"},"canonical":"https:\/\/www.bar-robinson.com\/fr\/qr\/","og_locale":"fr_FR","og_type":"article","og_title":"QR - Bar Robinson","og_description":"Menu Nous avons pass\u00e9 une formidable soir\u00e9eDes serveuses souriantes et agr\u00e9ables, un service rapide et efficace. Tout \u00e9tait r\u00e9uni pour passer une agr\u00e9able soir\u00e9e! \u00c0 ne pas louper si vous passez dans le coin. 4.6\/5.0","og_url":"https:\/\/www.bar-robinson.com\/fr\/qr\/","og_site_name":"Bar Robinson","article_publisher":"https:\/\/www.facebook.com\/BarRobinson\/","article_modified_time":"2024-04-02T09:40:04+00:00","og_image":[{"url":"https:\/\/www.bar-robinson.com\/wp-content\/uploads\/2023\/06\/google-icone-svg-150px.svg","type":"","width":"","height":""}],"twitter_card":"summary_large_image","twitter_misc":{"Dur\u00e9e de lecture estim\u00e9e":"2 minutes"},"schema":{"@context":"https:\/\/schema.org","@graph":[{"@type":"WebPage","@id":"https:\/\/www.bar-robinson.com\/fr\/qr\/","url":"https:\/\/www.bar-robinson.com\/fr\/qr\/","name":"QR - Bar Robinson","isPartOf":{"@id":"https:\/\/www.bar-robinson.com\/#website"},"primaryImageOfPage":{"@id":"https:\/\/www.bar-robinson.com\/fr\/qr\/#primaryimage"},"image":{"@id":"https:\/\/www.bar-robinson.com\/fr\/qr\/#primaryimage"},"thumbnailUrl":"https:\/\/www.bar-robinson.com\/wp-content\/uploads\/2023\/06\/google-icone-svg-150px.svg","datePublished":"2023-06-22T06:51:03+00:00","dateModified":"2024-04-02T09:40:04+00:00","breadcrumb":{"@id":"https:\/\/www.bar-robinson.com\/fr\/qr\/#breadcrumb"},"inLanguage":"fr-FR","potentialAction":[{"@type":"ReadAction","target":["https:\/\/www.bar-robinson.com\/fr\/qr\/"]}]},{"@type":"ImageObject","inLanguage":"fr-FR","@id":"https:\/\/www.bar-robinson.com\/fr\/qr\/#primaryimage","url":"https:\/\/www.bar-robinson.com\/wp-content\/uploads\/2023\/06\/google-icone-svg-150px.svg","contentUrl":"https:\/\/www.bar-robinson.com\/wp-content\/uploads\/2023\/06\/google-icone-svg-150px.svg"},{"@type":"BreadcrumbList","@id":"https:\/\/www.bar-robinson.com\/fr\/qr\/#breadcrumb","itemListElement":[{"@type":"ListItem","position":1,"name":"Home","item":"https:\/\/www.bar-robinson.com\/fr\/"},{"@type":"ListItem","position":2,"name":"QR"}]},{"@type":"WebSite","@id":"https:\/\/www.bar-robinson.com\/#website","url":"https:\/\/www.bar-robinson.com\/","name":"Bar Robinson","description":"","publisher":{"@id":"https:\/\/www.bar-robinson.com\/#organization"},"potentialAction":[{"@type":"SearchAction","target":{"@type":"EntryPoint","urlTemplate":"https:\/\/www.bar-robinson.com\/?s={search_term_string}"},"query-input":{"@type":"PropertyValueSpecification","valueRequired":true,"valueName":"search_term_string"}}],"inLanguage":"fr-FR"},{"@type":"Organization","@id":"https:\/\/www.bar-robinson.com\/#organization","name":"Bar Robinson","url":"https:\/\/www.bar-robinson.com\/","logo":{"@type":"ImageObject","inLanguage":"fr-FR","@id":"https:\/\/www.bar-robinson.com\/#\/schema\/logo\/image\/","url":"https:\/\/www.bar-robinson.com\/wp-content\/uploads\/2023\/06\/Logo.svg","contentUrl":"https:\/\/www.bar-robinson.com\/wp-content\/uploads\/2023\/06\/Logo.svg","width":315,"height":46,"caption":"Bar Robinson"},"image":{"@id":"https:\/\/www.bar-robinson.com\/#\/schema\/logo\/image\/"},"sameAs":["https:\/\/www.facebook.com\/BarRobinson\/","https:\/\/www.instagram.com\/barrobinsonmorzine\/"]}]}},"_links":{"self":[{"href":"https:\/\/www.bar-robinson.com\/fr\/wp-json\/wp\/v2\/pages\/973","targetHints":{"allow":["GET"]}}],"collection":[{"href":"https:\/\/www.bar-robinson.com\/fr\/wp-json\/wp\/v2\/pages"}],"about":[{"href":"https:\/\/www.bar-robinson.com\/fr\/wp-json\/wp\/v2\/types\/page"}],"author":[{"embeddable":true,"href":"https:\/\/www.bar-robinson.com\/fr\/wp-json\/wp\/v2\/users\/1"}],"replies":[{"embeddable":true,"href":"https:\/\/www.bar-robinson.com\/fr\/wp-json\/wp\/v2\/comments?post=973"}],"version-history":[{"count":10,"href":"https:\/\/www.bar-robinson.com\/fr\/wp-json\/wp\/v2\/pages\/973\/revisions"}],"predecessor-version":[{"id":1878,"href":"https:\/\/www.bar-robinson.com\/fr\/wp-json\/wp\/v2\/pages\/973\/revisions\/1878"}],"wp:attachment":[{"href":"https:\/\/www.bar-robinson.com\/fr\/wp-json\/wp\/v2\/media?parent=973"}],"curies":[{"name":"wp","href":"https:\/\/api.w.org\/{rel}","templated":true}]}}